{"id":45,"date":"2024-05-20T20:50:40","date_gmt":"2024-05-20T20:50:40","guid":{"rendered":"https:\/\/strivesync.pt\/?page_id=45"},"modified":"2024-05-20T20:50:40","modified_gmt":"2024-05-20T20:50:40","slug":"resolucao-alternativa-de-litigios","status":"publish","type":"page","link":"https:\/\/strivesync.pt\/index.php\/resolucao-alternativa-de-litigios\/","title":{"rendered":"Resolu\u00e7\u00e3o Alternativa de Lit\u00edgios"},"content":{"rendered":"\n<p>INFORMA\u00c7\u00c3O AO CONSUMIDOR<br>No cumprimento do dever de informa\u00e7\u00e3o e de acordo com o definido no artigo 18.\u00ba, n. \u00ba1, da Lei 144\/2015, de 8 de setembro, informa-se os clientes que para dirimir qualquer conflito proveniente da nossa presta\u00e7\u00e3o de servi\u00e7os, e que apesar de n\u00e3o estarmos vinculados a uma ERAL por ades\u00e3o ou imposi\u00e7\u00e3o legal, os nossos clientes poder\u00e3o aceder ao s\u00edtio eletr\u00f3nico infra para verificar a lista das entidades de RAL existentes e efetuar a livre escolha.<\/p>\n\n\n\n<p>Lista das Entidades de Resolu\u00e7\u00e3o Alternativa de Lit\u00edgios existentes nos diversos Estados-Membros da Uni\u00e3o Europeia, elaborada pela Comiss\u00e3o Europeia.<\/p>\n\n\n\n<ol class=\"wp-block-list\">\n<li>CNIACC \u2013 Centro Nacional de Informa\u00e7\u00e3o e Arbitragem de Conflitos de Consumo<br>Tel.: 213 847 484; E-mail: cniacc@unl.pt<\/li>\n\n\n\n<li>CIMAAL \u2013 Centro de Informa\u00e7\u00e3o, Media\u00e7\u00e3o e Arbitragem de Conflitos de Consumo do Algarve<br>Tel.: 289 823 135; E-mail: cimaal@mail.telepac.pt<\/li>\n\n\n\n<li>Centro de Arbitragem de Conflitos de Consumo do Distrito de Coimbra<br>Tel.: 239 821 690\/289. E-mail: geral@centrodearbitragemdecoimbra.com<\/li>\n\n\n\n<li>Centro de Arbitragem de Conflitos de Consumo de Lisboa<br>Tel.: 218 807 000 \/ 218807030. E-mail: juridico@centroarbitragemlisboa.pt; director@centroarbitragemlisboa.pt<\/li>\n\n\n\n<li>Centro de Informa\u00e7\u00e3o de Consumo e Arbitragem do Porto<br>Tel.: 225 508 349 \/ 225 029 791; E-mail: cicap@mail.telepac.pt<\/li>\n\n\n\n<li>Centro de Arbitragem de Conflitos de Consumo do Vale do Ave\/Tribunal Arbitral<br>Tel.: 253 422 410; E-mail: triave@gmail.com<\/li>\n\n\n\n<li>Centro de Informa\u00e7\u00e3o, Media\u00e7\u00e3o e Arbitragem de Consumo (Tribunal Arbitral de Consumo)<br>Tel.: 253 617 604; E-mail: geral@ciab.pt<\/li>\n\n\n\n<li>Centro de Arbitragem de Conflitos de Consumo da Regi\u00e3o Aut\u00f3noma da Madeira<br>Morada: Rua Direita, 27 \u2013 1\u00ba Andar, 9050-405 Funchal;<br>E-mail: centroarbitragem.sras@govmadeira.pt<\/li>\n\n\n\n<li>Centro de Informa\u00e7\u00e3o, Media\u00e7\u00e3o, Provedoria e Arbitragem de Seguros Lisboa<br>Tel.: 213 827 700; E-mail: geral@cimpas.pt. Web: www.cimpas.pt.<\/li>\n<\/ol>\n\n\n\n<p>Para mais informa\u00e7\u00f5es consulte o Portal do Consumidor em www.consumidor.pt , para an\u00e1lise daquelas ou de outras entidades dispon\u00edveis, em permanente atualiza\u00e7\u00e3o.<br>Sintra, 20 de Maio de 2024<\/p>\n","protected":false},"excerpt":{"rendered":"<p>INFORMA\u00c7\u00c3O AO CONSUMIDORNo cumprimento do dever de informa\u00e7\u00e3o e de acordo com o definido no artigo 18.\u00ba, n. \u00ba1, da Lei 144\/2015, de 8 de setembro, informa-se os clientes que para dirimir qualquer conflito proveniente da nossa presta\u00e7\u00e3o de servi\u00e7os, e que apesar de n\u00e3o estarmos vinculados a uma ERAL por ades\u00e3o ou imposi\u00e7\u00e3o legal, [&hellip;]<\/p>\n","protected":false},"author":1,"featured_media":0,"parent":0,"menu_order":0,"comment_status":"closed","ping_status":"closed","template":"","meta":{"footnotes":""},"class_list":["post-45","page","type-page","status-publish","hentry"],"_links":{"self":[{"href":"https:\/\/strivesync.pt\/index.php\/wp-json\/wp\/v2\/pages\/45","targetHints":{"allow":["GET"]}}],"collection":[{"href":"https:\/\/strivesync.pt\/index.php\/wp-json\/wp\/v2\/pages"}],"about":[{"href":"https:\/\/strivesync.pt\/index.php\/wp-json\/wp\/v2\/types\/page"}],"author":[{"embeddable":true,"href":"https:\/\/strivesync.pt\/index.php\/wp-json\/wp\/v2\/users\/1"}],"replies":[{"embeddable":true,"href":"https:\/\/strivesync.pt\/index.php\/wp-json\/wp\/v2\/comments?post=45"}],"version-history":[{"count":1,"href":"https:\/\/strivesync.pt\/index.php\/wp-json\/wp\/v2\/pages\/45\/revisions"}],"predecessor-version":[{"id":46,"href":"https:\/\/strivesync.pt\/index.php\/wp-json\/wp\/v2\/pages\/45\/revisions\/46"}],"wp:attachment":[{"href":"https:\/\/strivesync.pt\/index.php\/wp-json\/wp\/v2\/media?parent=45"}],"curies":[{"name":"wp","href":"https:\/\/api.w.org\/{rel}","templated":true}]}}